{"id":5687,"date":"2014-03-24T08:49:41","date_gmt":"2014-03-24T08:49:41","guid":{"rendered":"http:\/\/localhost:8888\/themes\/ventory\/?page_id=5687"},"modified":"2021-06-12T12:43:59","modified_gmt":"2021-06-12T10:43:59","slug":"about-us","status":"publish","type":"page","link":"https:\/\/andcomputers.com.pl\/index.php\/pages\/about-us\/","title":{"rendered":"About Us"},"content":{"rendered":"<p>[vc_row bg_color=&#8221;#f9f9f9&#8243; top_padding=&#8221;290&#8243; bottom_padding=&#8221;200&#8243;][vc_column width=&#8221;1\/1&#8243;]<h1 class=\"headline font-special fontsize-xxxl fontweight-inherit lh-inherit align-center transform-uppercase \" style=\"margin: 0;\">O firmie <strong>And Computers<\/strong><\/h1>[\/vc_column][\/vc_row][vc_row top_padding=&#8221;100&#8243; bottom_padding=&#8221;100&#8243; bg_position=&#8221;left top&#8221;][vc_column width=&#8221;1\/2&#8243;][vc_column_text]AND Computers to istniej\u0105ca od 1999 roku firma dzia\u0142aj\u0105ca w obr\u0119bie IT i zajmuje si\u0119 fachowym doradztwem i sprzeda\u017c\u0105 sprz\u0119tu komputerowego zar\u00f3wno lokalnym odbiorcom indywidualnym jak i firmom oraz instytucjom administracji pa\u0144stwowej. Oczywi\u015bcie nasza oferta to nie tylko podzespo\u0142y komputerowe. Posiadamy te\u017c szerok\u0105 ofert\u0119 sprz\u0119tu AGD\/RTV.<\/p>\n<p>Mamy ogromne do\u015bwiadczenie w realizowaniu zam\u00f3wie\u0144 z r\u00f3\u017cnych program\u00f3w dofinansowa\u0144 w tym z PFRON. S\u0142u\u017cymy w tej dziedzinie fachowym i profesjonalnym doradztwem w zakresie doboru odpowiedniego specjalistycznego sprz\u0119tu u\u0142atwiaj\u0105cego osobom niepe\u0142nosprawnym korzystanie z komputer\u00f3w (syntezatory mowy, urz\u0105dzenia do czytania tekstu pisanego i wiele innych).[\/vc_column_text][\/vc_column][vc_column width=&#8221;1\/2&#8243;][vc_column_text]Zajmujemy si\u0119 te\u017c kompleksowo serwisem sprz\u0119tu komputeorowego dysponuj\u0105c bogatym zapleczem diagnostycznym i ogromnym wieloletnim do\u015bwiadczeniem.<\/p>\n<p>Nasza firma posiada bardzo ugruntowan\u0105 pozycj\u0119 na rynku lokalnym. Szukaj\u0105c dalszych dr\u00f3g rozwoju i dotarcia z nasz\u0105 ofert\u0105 do szerszego grona odbiorc\u00f3w, postanowili\u015bmy uruchomi\u0107 profesjonalny system sprzeda\u017cy internetowej.[\/vc_column_text][\/vc_column][\/vc_row][vc_row bg_color=&#8221;#1cbac8&#8243; text_color=&#8221;light&#8221; text_align=&#8221;center&#8221; top_padding=&#8221;160&#8243; bottom_padding=&#8221;160&#8243; bg_position=&#8221;left top&#8221;][vc_column width=&#8221;1\/1&#8243;]<h2 class=\"headline font-special fontsize-xl fontweight-700 lh-16 align-center transform-uppercase \" style=\"margin: 0 0 40px 0;\">We hand-craft Creative<br \/>\nWeb Solutions with Solid Strategies<br \/>\n&amp; Powerful Technologies.<\/h2>[vc_column_text]<a href=\"#\" target=\"_self\" class=\"button color-6 large \" style=\"border-radius: 2px;\">Learn More<\/a>\u00a0<a href=\"#\" target=\"_self\" class=\"button color-7 large \" style=\"border-radius: 2px;\">Contact Us<\/a>[\/vc_column_text][\/vc_column][\/vc_row][vc_row bg_color=&#8221;#222222&#8243; text_color=&#8221;light&#8221; top_padding=&#8221;100&#8243; bottom_padding=&#8221;100&#8243; bg_position=&#8221;left top&#8221;][vc_column width=&#8221;1\/3&#8243;]<div class=\"iconbox  wpb_content_element iconbox-style-2 icon-color-greyscale color-dark clearfix\"><div class=\"iconbox-icon\"><i class=\"fa sl-screen-desktop boxicon\" style=\"\"><\/i><\/div><div class=\"iconbox-content\"><h3>Web Design<\/h3><p>Aenean commodo ligula eget dolor. Aenean massa. Lorem ipsum dolor sit amet, consec tetuer adipis elit, aliquam eget nibh etlibura. No sea takimata sanctus est kasd guber.<\/p><\/div><\/div><div class=\"spacer\" style=\"height: 10px;\"><\/div><div class=\"iconbox  wpb_content_element iconbox-style-2 icon-color-greyscale color-dark clearfix\"><div class=\"iconbox-icon\"><i class=\"fa sl-puzzle boxicon\" style=\"\"><\/i><\/div><div class=\"iconbox-content\"><h3>Development<\/h3><p>Aenean commodo ligula eget dolor. Aenean massa. Lorem ipsum dolor sit amet, consec tetuer adipis elit, aliquam eget nibh etlibura. No sea takimata sanctus est kasd guber.<\/p><\/div><\/div>[\/vc_column][vc_column width=&#8221;1\/3&#8243;]<div class=\"iconbox  wpb_content_element iconbox-style-2 icon-color-greyscale color-dark clearfix\"><div class=\"iconbox-icon\"><i class=\"fa sl-screen-smartphone boxicon\" style=\"\"><\/i><\/div><div class=\"iconbox-content\"><h3>Mobile Design<\/h3><p>Aenean commodo ligula eget dolor. Aenean massa. Lorem ipsum dolor sit amet, consec tetuer adipis elit, aliquam eget nibh etlibura. No sea takimata sanctus est kasd guber.<\/p><\/div><\/div><div class=\"spacer\" style=\"height: 10px;\"><\/div><div class=\"iconbox  wpb_content_element iconbox-style-2 icon-color-greyscale color-dark clearfix\"><div class=\"iconbox-icon\"><i class=\"fa sl-direction boxicon\" style=\"\"><\/i><\/div><div class=\"iconbox-content\"><h3>Search Optimization<\/h3><p>Aenean commodo ligula eget dolor. Aenean massa. Lorem ipsum dolor sit amet, consec tetuer adipis elit, aliquam eget nibh etlibura. No sea takimata sanctus est kasd guber.<\/p><\/div><\/div>[\/vc_column][vc_column width=&#8221;1\/3&#8243;]<div class=\"iconbox  wpb_content_element iconbox-style-2 icon-color-greyscale color-dark clearfix\"><div class=\"iconbox-icon\"><i class=\"fa sl-envelope-open boxicon\" style=\"\"><\/i><\/div><div class=\"iconbox-content\"><h3>Marketing<\/h3><p>Aenean commodo ligula eget dolor. Aenean massa. Lorem ipsum dolor sit amet, consec tetuer adipis elit, aliquam eget nibh etlibura. No sea takimata sanctus est kasd guber.<\/p><\/div><\/div><div class=\"spacer\" style=\"height: 10px;\"><\/div><div class=\"iconbox  wpb_content_element iconbox-style-2 icon-color-greyscale color-dark clearfix\"><div class=\"iconbox-icon\"><i class=\"fa sl-like boxicon\" style=\"\"><\/i><\/div><div class=\"iconbox-content\"><h3>Social Media<\/h3><p>Aenean commodo ligula eget dolor. Aenean massa. Lorem ipsum dolor sit amet, consec tetuer adipis elit, aliquam eget nibh etlibura. No sea takimata sanctus est kasd guber.<\/p><\/div><\/div>[\/vc_column][\/vc_row][vc_row top_padding=&#8221;100&#8243; bottom_padding=&#8221;60&#8243; bg_position=&#8221;left top&#8221;][vc_column width=&#8221;1\/1&#8243;]<h2 class=\"headline font-special fontsize-l fontweight-700 lh-inherit align-center transform-uppercase \" style=\"margin: 0;\">Our Fantastic Team<\/h2><div class=\"headline font-inherit fontsize-m fontweight-inherit lh-inherit align-center transform-inherit \" style=\"margin: 0; color: #999999;\">Deliverables users, seamless beta-test implement tag.<\/div>[\/vc_column][\/vc_row][vc_row bottom_padding=&#8221;100&#8243; bg_position=&#8221;center center&#8221;][vc_column width=&#8221;1\/3&#8243;]<div class=\"member wpb_content_element\"><div class=\"member-img\"><img decoding=\"async\" src=\"https:\/\/andcomputers.com.pl\/wp-content\/uploads\/2014\/09\/demoimage.jpg\" alt=\"\" \/><\/div><h4>Frank Abagnale<\/h4><div class=\"member-role\">CEO &amp; Marketing Manager<\/div><div class=\"member-content\"><p>Redantium, totam rem aperiam, eaque ipsa qu ab illo inventore veritatis et quasi architectos beatae vitae dicta sunt explicabo. Nemo enim.<\/p><\/div><ul class=\"social-icons clearfix\"><li class=\"social-icon social-twitter\"><a href=\"http:\/\/twitter.com\" target=\"_blank\" title=\"Twitter\"><i class=\"fa fa-twitter\"><\/i><\/a><\/li><li class=\"social-icon social-facebook\"><a href=\"http:\/\/facebook.com\" target=\"_blank\" title=\"Facebook\"><i class=\"fa fa-facebook\"><\/i><\/a><\/li><li class=\"social-icon social-skype\"><a href=\"http:\/\/skype.com\" target=\"_blank\" title=\"Skype\"><i class=\"fa fa-skype\"><\/i><\/a><\/li><li class=\"social-icon social-email\"><a href=\"mailto:mailto:info@example.com\" title=\"Mail\"><i class=\"fa fa-send-o\"><\/i><\/a><\/li><\/ul><\/div>[\/vc_column][vc_column width=&#8221;1\/3&#8243;]<div class=\"member wpb_content_element\"><div class=\"member-img\"><img decoding=\"async\" src=\"https:\/\/andcomputers.com.pl\/wp-content\/uploads\/2014\/09\/demoimage.jpg\" alt=\"\" \/><\/div><h4>David Miller<\/h4><div class=\"member-role\">Developer<\/div><div class=\"member-content\"><p>Redantium, totam rem aperiam, eaque ipsa qu ab illo inventore veritatis et quasi architectos beatae vitae dicta sunt explicabo. Nemo enim.<\/p><\/div><ul class=\"social-icons clearfix\"><li class=\"social-icon social-twitter\"><a href=\"http:\/\/twitter.com\" target=\"_blank\" title=\"Twitter\"><i class=\"fa fa-twitter\"><\/i><\/a><\/li><li class=\"social-icon social-facebook\"><a href=\"http:\/\/facebook.com\" target=\"_blank\" title=\"Facebook\"><i class=\"fa fa-facebook\"><\/i><\/a><\/li><li class=\"social-icon social-email\"><a href=\"mailto:mailto:info@example.com\" title=\"Mail\"><i class=\"fa fa-send-o\"><\/i><\/a><\/li><\/ul><\/div>[\/vc_column][vc_column width=&#8221;1\/3&#8243;]<div class=\"member wpb_content_element\"><div class=\"member-img\"><img decoding=\"async\" src=\"https:\/\/andcomputers.com.pl\/wp-content\/uploads\/2014\/09\/demoimage.jpg\" alt=\"\" \/><\/div><h4>Emily Newmoon<\/h4><div class=\"member-role\">UX Designer<\/div><div class=\"member-content\"><p>Redantium, totam rem aperiam, eaque ipsa qu ab illo inventore veritatis et quasi architectos beatae vitae dicta sunt explicabo. Nemo enim.<\/p><\/div><ul class=\"social-icons clearfix\"><li class=\"social-icon social-twitter\"><a href=\"http:\/\/twitter.com\" target=\"_blank\" title=\"Twitter\"><i class=\"fa fa-twitter\"><\/i><\/a><\/li><li class=\"social-icon social-facebook\"><a href=\"http:\/\/facebook.com\" target=\"_blank\" title=\"Facebook\"><i class=\"fa fa-facebook\"><\/i><\/a><\/li><li class=\"social-icon social-email\"><a href=\"mailto:mailto:info@example.com\" title=\"Mail\"><i class=\"fa fa-send-o\"><\/i><\/a><\/li><\/ul><\/div>[\/vc_column][\/vc_row]<\/p>\n","protected":false},"excerpt":{"rendered":"<p>[vc_row bg_color=&#8221;#f9f9f9&#8243; top_padding=&#8221;290&#8243; bottom_padding=&#8221;200&#8243;][vc_column width=&#8221;1\/1&#8243;][\/vc_column][\/vc_row][vc_row top_padding=&#8221;100&#8243; bottom_padding=&#8221;100&#8243; bg_position=&#8221;left top&#8221;][vc_column width=&#8221;1\/2&#8243;][vc_column_text]AND Computers to istniej\u0105ca od 1999 roku firma dzia\u0142aj\u0105ca w obr\u0119bie IT i zajmuje si\u0119 fachowym doradztwem i sprzeda\u017c\u0105 sprz\u0119tu komputerowego zar\u00f3wno lokalnym odbiorcom indywidualnym jak i firmom oraz instytucjom administracji pa\u0144stwowej. Oczywi\u015bcie nasza oferta to nie tylko podzespo\u0142y komputerowe. Posiadamy te\u017c szerok\u0105 ofert\u0119 sprz\u0119tu AGD\/RTV. Mamy ogromne do\u015bwiadczenie w realizowaniu zam\u00f3wie\u0144 z r\u00f3\u017cnych program\u00f3w dofinansowa\u0144 w tym z PFRON. S\u0142u\u017cymy w tej dziedzinie fachowym i profesjonalnym doradztwem w zakresie doboru odpowiedniego specjalistycznego sprz\u0119tu u\u0142atwiaj\u0105cego osobom niepe\u0142nosprawnym korzystanie z komputer\u00f3w (syntezatory mowy, urz\u0105dzenia do czytania tekstu pisanego i wiele innych).[\/vc_column_text][\/vc_column][vc_column width=&#8221;1\/2&#8243;][vc_column_text]Zajmujemy si\u0119 te\u017c kompleksowo serwisem sprz\u0119tu komputeorowego dysponuj\u0105c bogatym zapleczem diagnostycznym i ogromnym wieloletnim do\u015bwiadczeniem. Nasza firma posiada bardzo ugruntowan\u0105 pozycj\u0119 na rynku lokalnym. Szukaj\u0105c dalszych dr\u00f3g rozwoju i dotarcia z nasz\u0105 ofert\u0105 do szerszego grona odbiorc\u00f3w, postanowili\u015bmy uruchomi\u0107 profesjonalny system sprzeda\u017cy internetowej.[\/vc_column_text][\/vc_column][\/vc_row][vc_row bg_color=&#8221;#1cbac8&#8243; text_color=&#8221;light&#8221; text_align=&#8221;center&#8221; top_padding=&#8221;160&#8243; bottom_padding=&#8221;160&#8243; bg_position=&#8221;left top&#8221;][vc_column width=&#8221;1\/1&#8243;][vc_column_text]\u00a0[\/vc_column_text][\/vc_column][\/vc_row][vc_row bg_color=&#8221;#222222&#8243; text_color=&#8221;light&#8221; top_padding=&#8221;100&#8243; bottom_padding=&#8221;100&#8243; bg_position=&#8221;left top&#8221;][vc_column width=&#8221;1\/3&#8243;][\/vc_column][vc_column width=&#8221;1\/3&#8243;][\/vc_column][vc_column width=&#8221;1\/3&#8243;][\/vc_column][\/vc_row][vc_row top_padding=&#8221;100&#8243; bottom_padding=&#8221;60&#8243; bg_position=&#8221;left top&#8221;][vc_column width=&#8221;1\/1&#8243;][\/vc_column][\/vc_row][vc_row bottom_padding=&#8221;100&#8243; bg_position=&#8221;center center&#8221;][vc_column width=&#8221;1\/3&#8243;][\/vc_column][vc_column width=&#8221;1\/3&#8243;][\/vc_column][vc_column width=&#8221;1\/3&#8243;][\/vc_column][\/vc_row]<\/p>\n","protected":false},"author":1,"featured_media":0,"parent":3182,"menu_order":0,"comment_status":"open","ping_status":"open","template":"","meta":{"spay_email":"","footnotes":""},"class_list":["post-5687","page","type-page","status-publish","hentry"],"_links":{"self":[{"href":"https:\/\/andcomputers.com.pl\/index.php\/wp-json\/wp\/v2\/pages\/5687","targetHints":{"allow":["GET"]}}],"collection":[{"href":"https:\/\/andcomputers.com.pl\/index.php\/wp-json\/wp\/v2\/pages"}],"about":[{"href":"https:\/\/andcomputers.com.pl\/index.php\/wp-json\/wp\/v2\/types\/page"}],"author":[{"embeddable":true,"href":"https:\/\/andcomputers.com.pl\/index.php\/wp-json\/wp\/v2\/users\/1"}],"replies":[{"embeddable":true,"href":"https:\/\/andcomputers.com.pl\/index.php\/wp-json\/wp\/v2\/comments?post=5687"}],"version-history":[{"count":2,"href":"https:\/\/andcomputers.com.pl\/index.php\/wp-json\/wp\/v2\/pages\/5687\/revisions"}],"predecessor-version":[{"id":15424,"href":"https:\/\/andcomputers.com.pl\/index.php\/wp-json\/wp\/v2\/pages\/5687\/revisions\/15424"}],"up":[{"embeddable":true,"href":"https:\/\/andcomputers.com.pl\/index.php\/wp-json\/wp\/v2\/pages\/3182"}],"wp:attachment":[{"href":"https:\/\/andcomputers.com.pl\/index.php\/wp-json\/wp\/v2\/media?parent=5687"}],"curies":[{"name":"wp","href":"https:\/\/api.w.org\/{rel}","templated":true}]}}